{"id":25409,"date":"2020-09-16T05:10:07","date_gmt":"2020-09-16T05:10:07","guid":{"rendered":"https:\/\/digitalizujeme.online\/?page_id=25409"},"modified":"2023-05-03T18:27:47","modified_gmt":"2023-05-03T18:27:47","slug":"my-account","status":"publish","type":"page","link":"https:\/\/digitalizujeme.online\/?page_id=25409","title":{"rendered":"My Account"},"content":{"rendered":"\n<div class=\"wp-block-uagb-container uagb-block-202d87b1 alignfull uagb-is-root-container\"><div class=\"uagb-container-inner-blocks-wrap\">\n<div class=\"wp-block-uagb-advanced-heading uagb-block-c3c65de1\"><h1 class=\"uagb-heading-text\">M\u00f4j \u00fa\u010det<\/h1><p class=\"uagb-desc-text\">Priv\u00e1tny CLOUD na prenos Va\u0161ich dokumentov&#8230;&#8230;.<\/p><\/div>\n<\/div><\/div>\n\n\n\n<div class=\"wp-block-uagb-container uagb-block-0413d04c alignfull uagb-is-root-container\"><div class=\"uagb-container-inner-blocks-wrap\"><p>Meno<\/p>\n\n\n<p>Heslo<\/p>\n<\/div><\/div>\n","protected":false},"excerpt":{"rendered":"<p>M\u00f4j \u00fa\u010det Priv\u00e1tny CLOUD na prenos Va\u0161ich dokumentov&#8230;&#8230;.<\/p>\n","protected":false},"author":2,"featured_media":0,"parent":0,"menu_order":0,"comment_status":"closed","ping_status":"closed","template":"","meta":{"_uag_custom_page_level_css":"","site-sidebar-layout":"no-sidebar","site-content-layout":"plain-container","ast-global-header-display":"","ast-main-header-display":"","ast-hfb-above-header-display":"","ast-hfb-below-header-display":"","ast-hfb-mobile-header-display":"","site-post-title":"disabled","ast-breadcrumbs-content":"","ast-featured-img":"disabled","footer-sml-layout":"","theme-transparent-header-meta":"enabled","adv-header-id-meta":"","stick-header-meta":"","header-above-stick-meta":"","header-main-stick-meta":"","header-below-stick-meta":"","footnotes":""},"class_list":["post-25409","page","type-page","status-publish","hentry"],"uagb_featured_image_src":{"full":false,"thumbnail":false,"medium":false,"medium_large":false,"large":false,"1536x1536":false,"2048x2048":false},"uagb_author_info":{"display_name":"ondriska@secom.sk","author_link":"https:\/\/digitalizujeme.online\/?author=2"},"uagb_comment_info":0,"uagb_excerpt":"M\u00f4j \u00fa\u010det Priv\u00e1tny CLOUD na prenos Va\u0161ich dokumentov&#8230;&#8230;.","_links":{"self":[{"href":"https:\/\/digitalizujeme.online\/index.php?rest_route=\/wp\/v2\/pages\/25409","targetHints":{"allow":["GET"]}}],"collection":[{"href":"https:\/\/digitalizujeme.online\/index.php?rest_route=\/wp\/v2\/pages"}],"about":[{"href":"https:\/\/digitalizujeme.online\/index.php?rest_route=\/wp\/v2\/types\/page"}],"author":[{"embeddable":true,"href":"https:\/\/digitalizujeme.online\/index.php?rest_route=\/wp\/v2\/users\/2"}],"replies":[{"embeddable":true,"href":"https:\/\/digitalizujeme.online\/index.php?rest_route=%2Fwp%2Fv2%2Fcomments&post=25409"}],"version-history":[{"count":4,"href":"https:\/\/digitalizujeme.online\/index.php?rest_route=\/wp\/v2\/pages\/25409\/revisions"}],"predecessor-version":[{"id":26475,"href":"https:\/\/digitalizujeme.online\/index.php?rest_route=\/wp\/v2\/pages\/25409\/revisions\/26475"}],"wp:attachment":[{"href":"https:\/\/digitalizujeme.online\/index.php?rest_route=%2Fwp%2Fv2%2Fmedia&parent=25409"}],"curies":[{"name":"wp","href":"https:\/\/api.w.org\/{rel}","templated":true}]}}