{"id":25403,"date":"2020-09-16T05:09:06","date_gmt":"2020-09-16T05:09:06","guid":{"rendered":"https:\/\/digitalizujeme.online\/?page_id=25403"},"modified":"2023-05-03T18:35:58","modified_gmt":"2023-05-03T18:35:58","slug":"all-courses","status":"publish","type":"page","link":"https:\/\/digitalizujeme.online\/?page_id=25403","title":{"rendered":"All Courses"},"content":{"rendered":"\n<div class=\"wp-block-uagb-container uagb-block-a81d68ee default uagb-is-root-container\">\n<div class=\"wp-block-uagb-container uagb-block-a610f2ef\">\n<div class=\"wp-block-uagb-container uagb-block-023ed7b9 alignfull uagb-is-root-container\"><div class=\"uagb-container-inner-blocks-wrap\">\n<div class=\"wp-block-uagb-advanced-heading uagb-block-4f4c0870\"><h1 class=\"uagb-heading-text\">Na\u0161e slu\u017eby<\/h1><p class=\"uagb-desc-text\">Digitalizujeme.online umo\u017e\u0148uje prevod fyzick\u00fdch dokumentov do digit\u00e1lnej podoby a ich n\u00e1sledn\u00e9 ukladanie na r\u00f4zne pam\u00e4\u0165ov\u00e9 m\u00e9dia. Slu\u017eba umo\u017e\u0148uje digitalizova\u0165 r\u00f4zne typy dokumentov, vr\u00e1tane papierov\u00fdch dokumentov, fotografick\u00fdch negat\u00edvov, filmov, \u010dasopisov a kn\u00edh. Digit\u00e1lna archiv\u00e1cia dokumentov pon\u00faka v\u00fdhody ako lep\u0161iu prenosnos\u0165, bezpe\u010dnos\u0165 a efekt\u00edvnos\u0165 spracovania dokumentov. Digitalizujeme.online pou\u017e\u00edva \u0161peci\u00e1lne skenery na r\u00fdchle a efekt\u00edvne prev\u00e1dzanie fyzick\u00fdch dokumentov do elektronickej formy. Taktie\u017e umo\u017e\u0148uje spracovanie a \u00fapravu dokumentov pomocou softv\u00e9rov\u00fdch aplik\u00e1ci\u00ed, zvy\u0161uje ich efekt\u00edvnos\u0165 a zni\u017euje riziko ch\u00fdb. Slu\u017eba je vhodn\u00e1 pre organiz\u00e1cie, firmy aj jednotlivcov, ktor\u00ed chc\u00fa uchov\u00e1va\u0165 a spravova\u0165 svoje dokumenty v elektronickej podobe a zjednodu\u0161i\u0165 ich spracovanie a vyh\u013ead\u00e1vanie. Digitalizujeme.online poskytuje kvalitn\u00fa a spo\u013eahliv\u00fa slu\u017ebu digitaliz\u00e1cie dokumentov, ktor\u00e1 umo\u017e\u0148uje z\u00e1kazn\u00edkom u\u0161etri\u0165 \u010das a n\u00e1klady pri spr\u00e1ve a uchov\u00e1van\u00ed dokumentov.<\/p><\/div>\n<\/div><\/div>\n<\/div>\n<\/div>\n\n\n\n<div class=\"wp-block-uagb-container uagb-block-010f9756 alignfull uagb-is-root-container\"><div class=\"uagb-container-inner-blocks-wrap\">\n<div class=\"wp-block-uagb-advanced-heading uagb-block-adbe3933\"><h2 class=\"uagb-heading-text\">Nap\u00edsali o n\u00e1s &#8230;&#8230;<\/h2><\/div>\n\n\n\n<div class=\"wp-block-uagb-container uagb-block-12d936a7\">\n<div class=\"wp-block-uagb-container uagb-block-db42a3fc\">\n<div class=\"wp-block-uagb-testimonial uagb-slick-carousel uagb-tm__arrow-outside uagb-block-318209e8 uagb-post__carousel_notset uagb-post__carousel_notset-tablet uagb-post__carousel_notset-mobile\"><div class=\"is-carousel uagb-tm__columns-1 uagb-tm__items\"><div class=\"uagb-testimonial__wrap  uagb-tm__imgicon-style-circle uagb-tm__image-position-bottom uagb-tm__bg-type-none \"><div class=\"uagb-tm__content\"><div class=\"uagb-tm__overlay\"><\/div><div class=\"uagb-tm__text-wrap\"><div class=\"uagb-tm__desc\">Som ve\u013emi spokojn\u00e1 s poskytovan\u00edm slu\u017eby digitaliz\u00e1cie p\u00edsomnost\u00ed od digitalizujeme.online. Bolo to tak\u00e9 jednoduch\u00e9 a r\u00fdchle! V\u0161etky moje dokumenty boli digitalizovan\u00e9 ve\u013emi kvalitne a bezpe\u010dne uchovan\u00e9 v elektronickej podobe. Mali sme aj mo\u017enos\u0165 vybra\u0165 si, kam chceme uklada\u0165 digitalizovan\u00e9 dokumenty, \u010do bolo ve\u013ek\u00e9 plus. Taktie\u017e bola zabezpe\u010den\u00e1 pr\u00edstupnos\u0165 k dokumentom a ich preh\u013eadn\u00e9 vyh\u013ead\u00e1vanie. Celkovo, som ve\u013emi spokojn\u00e1 so slu\u017ebou digitalizujeme.online a ur\u010dite ju odpor\u00fa\u010dam ka\u017ed\u00e9mu, kto potrebuje digitalizova\u0165 a spravova\u0165 svoje dokumenty.<\/div><div class=\"uagb-tm__meta-inner\"><div class=\"uagb-tm__image-content\"><div class=\"uagb-tm__image\"><img decoding=\"async\" class=\"uagb-tm-img-src\" src=\"https:\/\/websitedemos.net\/learndash-academy-08\/wp-content\/uploads\/sites\/691\/2019\/05\/testimonial4-free-img-150x150.jpg\" alt=\"\" width=\"60\" height=\"60\" loading=\"lazy\"\/><\/div><\/div><div class=\"uagb-testimonial-details\"><span class=\"uagb-tm__author-name\">Karol<\/span><span class=\"uagb-tm__company\">Doln\u00fd Kub\u00edn<\/span><\/div><\/div><\/div><\/div><\/div><\/div><\/div>\n<\/div>\n\n\n\n<div class=\"wp-block-uagb-container uagb-block-385c373b\">\n<div class=\"wp-block-uagb-testimonial uagb-slick-carousel uagb-tm__arrow-outside uagb-block-8e4d39a6 uagb-post__carousel_notset uagb-post__carousel_notset-tablet uagb-post__carousel_notset-mobile\"><div class=\"is-carousel uagb-tm__columns-1 uagb-tm__items\"><div class=\"uagb-testimonial__wrap  uagb-tm__imgicon-style-circle uagb-tm__image-position-bottom uagb-tm__bg-type-none \"><div class=\"uagb-tm__content\"><div class=\"uagb-tm__overlay\"><\/div><div class=\"uagb-tm__text-wrap\"><div class=\"uagb-tm__desc\">Digitalizujeme.online je naozaj \u00fa\u017easn\u00e1 slu\u017eba! M\u00e1m ve\u013ea dokumentov, ktor\u00e9 som musel uchov\u00e1va\u0165, ale nemal som kde ich skladova\u0165. S touto slu\u017ebou som v\u0161ak mohol bezpe\u010dne digitalizova\u0165 v\u0161etky moje dokumenty a uchova\u0165 ich v elektronickej podobe. Bolo to tak\u00e9 jednoduch\u00e9 a r\u00fdchle! Navy\u0161e, kvalita digitaliz\u00e1cie bola naozaj skvel\u00e1 a dokonca som mohol upravova\u0165 a spravova\u0165 dokumenty cez r\u00f4zne softv\u00e9rov\u00e9 aplik\u00e1cie. Vrelo odpor\u00fa\u010dam slu\u017ebu digitalizujeme.online ka\u017ed\u00e9mu, kto potrebuje uchov\u00e1va\u0165 a spravova\u0165 svoje dokumenty v digit\u00e1lnej forme.<\/div><div class=\"uagb-tm__meta-inner\"><div class=\"uagb-tm__image-content\"><div class=\"uagb-tm__image\"><img decoding=\"async\" class=\"uagb-tm-img-src\" src=\"https:\/\/websitedemos.net\/learndash-academy-08\/wp-content\/uploads\/sites\/691\/2019\/05\/testimonial1-free-img-150x150.jpg\" alt=\"\" width=\"60\" height=\"60\" loading=\"lazy\"\/><\/div><\/div><div class=\"uagb-testimonial-details\"><span class=\"uagb-tm__author-name\"><strong>Zuzana<\/strong><\/span><span class=\"uagb-tm__company\">Bratislava\u200b<\/span><\/div><\/div><\/div><\/div><\/div><\/div><\/div>\n<\/div>\n<\/div>\n\n\n\n<div class=\"wp-block-uagb-container uagb-block-01209190\">\n<div class=\"wp-block-uagb-container uagb-block-e04a4f83\">\n<div class=\"wp-block-uagb-testimonial uagb-slick-carousel uagb-tm__arrow-outside uagb-block-5f35c3e0 uagb-post__carousel_notset uagb-post__carousel_notset-tablet uagb-post__carousel_notset-mobile\"><div class=\"is-carousel uagb-tm__columns-1 uagb-tm__items\"><div class=\"uagb-testimonial__wrap  uagb-tm__imgicon-style-circle uagb-tm__image-position-bottom uagb-tm__bg-type-none \"><div class=\"uagb-tm__content\"><div class=\"uagb-tm__overlay\"><\/div><div class=\"uagb-tm__text-wrap\"><div class=\"uagb-tm__desc\">Digitalizujeme.online was a game changer for my business! I had a lot of physical documents that I needed to keep track of and store, which was becoming increasingly difficult. With this service, I was able to safely and securely digitize all of my documents, making them easier to manage and reducing the amount of physical storage space I needed. The quality of the digitization was outstanding, and I appreciated the ability to access and manage my documents remotely. I highly recommend digitalizujeme.online to anyone looking to streamline their document management processes.<\/div><div class=\"uagb-tm__meta-inner\"><div class=\"uagb-tm__image-content\"><div class=\"uagb-tm__image\"><img decoding=\"async\" class=\"uagb-tm-img-src\" src=\"https:\/\/websitedemos.net\/learndash-academy-08\/wp-content\/uploads\/sites\/691\/2019\/05\/testimonial3-free-img-150x150.jpg\" alt=\"\" width=\"60\" height=\"60\" loading=\"lazy\"\/><\/div><\/div><div class=\"uagb-testimonial-details\"><span class=\"uagb-tm__author-name\">Frank Jones<\/span><span class=\"uagb-tm__company\">From Japan\u200b<\/span><\/div><\/div><\/div><\/div><\/div><\/div><\/div>\n<\/div>\n\n\n\n<div class=\"wp-block-uagb-container uagb-block-266620cc\">\n<div class=\"wp-block-uagb-testimonial uagb-slick-carousel uagb-tm__arrow-outside uagb-block-46e42d0f uagb-post__carousel_notset uagb-post__carousel_notset-tablet uagb-post__carousel_notset-mobile\"><div class=\"is-carousel uagb-tm__columns-1 uagb-tm__items\"><div class=\"uagb-testimonial__wrap  uagb-tm__imgicon-style-circle uagb-tm__image-position-bottom uagb-tm__bg-type-none \"><div class=\"uagb-tm__content\"><div class=\"uagb-tm__overlay\"><\/div><div class=\"uagb-tm__text-wrap\"><div class=\"uagb-tm__desc\">I used digitalizujeme.online to digitize some old family photos and I couldn&#8217;t be happier with the results! The process was easy and straightforward, and the quality of the digitization was excellent. I appreciated the ability to customize the format and storage location of the digital files, and the ability to access them from anywhere was a big plus. The team at digitalizujeme.online was responsive and professional throughout the process, and I felt confident that my photos were in good hands. I would definitely recommend this service to anyone looking to digitize their photos or documents.<\/div><div class=\"uagb-tm__meta-inner\"><div class=\"uagb-tm__image-content\"><div class=\"uagb-tm__image\"><img decoding=\"async\" class=\"uagb-tm-img-src\" src=\"https:\/\/websitedemos.net\/learndash-academy-08\/wp-content\/uploads\/sites\/691\/2019\/05\/testimonial2-free-img-150x150.jpg\" alt=\"\" width=\"60\" height=\"60\" loading=\"lazy\"\/><\/div><\/div><div class=\"uagb-testimonial-details\"><span class=\"uagb-tm__author-name\"><strong><strong>Jack Brownn<\/strong><\/strong><\/span><span class=\"uagb-tm__company\">From London, UK\u200b<\/span><\/div><\/div><\/div><\/div><\/div><\/div><\/div>\n<\/div>\n<\/div>\n<\/div><\/div>\n","protected":false},"excerpt":{"rendered":"<p>Na\u0161e slu\u017eby Digitalizujeme.online umo\u017e\u0148uje prevod fyzick\u00fdch dokumentov do digit\u00e1lnej podoby a ich n\u00e1sledn\u00e9 ukladanie na r\u00f4zne pam\u00e4\u0165ov\u00e9 m\u00e9dia. Slu\u017eba umo\u017e\u0148uje digitalizova\u0165 r\u00f4zne typy dokumentov, vr\u00e1tane papierov\u00fdch dokumentov, fotografick\u00fdch negat\u00edvov, filmov, \u010dasopisov a kn\u00edh. Digit\u00e1lna archiv\u00e1cia dokumentov pon\u00faka v\u00fdhody ako lep\u0161iu prenosnos\u0165, bezpe\u010dnos\u0165 a efekt\u00edvnos\u0165 spracovania dokumentov. Digitalizujeme.online pou\u017e\u00edva \u0161peci\u00e1lne skenery na r\u00fdchle a efekt\u00edvne prev\u00e1dzanie &hellip;<\/p>\n<p class=\"read-more\"> <a class=\"\" href=\"https:\/\/digitalizujeme.online\/?page_id=25403\"> <span class=\"screen-reader-text\">All Courses<\/span> \u010c\u00edtajte viac &raquo;<\/a><\/p>\n","protected":false},"author":2,"featured_media":0,"parent":0,"menu_order":0,"comment_status":"closed","ping_status":"closed","template":"","meta":{"_uag_custom_page_level_css":"","site-sidebar-layout":"no-sidebar","site-content-layout":"plain-container","ast-global-header-display":"","ast-main-header-display":"","ast-hfb-above-header-display":"","ast-hfb-below-header-display":"","ast-hfb-mobile-header-display":"","site-post-title":"disabled","ast-breadcrumbs-content":"","ast-featured-img":"disabled","footer-sml-layout":"","theme-transparent-header-meta":"enabled","adv-header-id-meta":"","stick-header-meta":"","header-above-stick-meta":"","header-main-stick-meta":"","header-below-stick-meta":"","footnotes":""},"class_list":["post-25403","page","type-page","status-publish","hentry"],"uagb_featured_image_src":{"full":false,"thumbnail":false,"medium":false,"medium_large":false,"large":false,"1536x1536":false,"2048x2048":false},"uagb_author_info":{"display_name":"ondriska@secom.sk","author_link":"https:\/\/digitalizujeme.online\/?author=2"},"uagb_comment_info":0,"uagb_excerpt":"Na\u0161e slu\u017eby Digitalizujeme.online umo\u017e\u0148uje prevod fyzick\u00fdch dokumentov do digit\u00e1lnej podoby a ich n\u00e1sledn\u00e9 ukladanie na r\u00f4zne pam\u00e4\u0165ov\u00e9 m\u00e9dia. Slu\u017eba umo\u017e\u0148uje digitalizova\u0165 r\u00f4zne typy dokumentov, vr\u00e1tane papierov\u00fdch dokumentov, fotografick\u00fdch negat\u00edvov, filmov, \u010dasopisov a kn\u00edh. Digit\u00e1lna archiv\u00e1cia dokumentov pon\u00faka v\u00fdhody ako lep\u0161iu prenosnos\u0165, bezpe\u010dnos\u0165 a efekt\u00edvnos\u0165 spracovania dokumentov. Digitalizujeme.online pou\u017e\u00edva \u0161peci\u00e1lne skenery na r\u00fdchle a efekt\u00edvne prev\u00e1dzanie&hellip;","_links":{"self":[{"href":"https:\/\/digitalizujeme.online\/index.php?rest_route=\/wp\/v2\/pages\/25403","targetHints":{"allow":["GET"]}}],"collection":[{"href":"https:\/\/digitalizujeme.online\/index.php?rest_route=\/wp\/v2\/pages"}],"about":[{"href":"https:\/\/digitalizujeme.online\/index.php?rest_route=\/wp\/v2\/types\/page"}],"author":[{"embeddable":true,"href":"https:\/\/digitalizujeme.online\/index.php?rest_route=\/wp\/v2\/users\/2"}],"replies":[{"embeddable":true,"href":"https:\/\/digitalizujeme.online\/index.php?rest_route=%2Fwp%2Fv2%2Fcomments&post=25403"}],"version-history":[{"count":6,"href":"https:\/\/digitalizujeme.online\/index.php?rest_route=\/wp\/v2\/pages\/25403\/revisions"}],"predecessor-version":[{"id":26479,"href":"https:\/\/digitalizujeme.online\/index.php?rest_route=\/wp\/v2\/pages\/25403\/revisions\/26479"}],"wp:attachment":[{"href":"https:\/\/digitalizujeme.online\/index.php?rest_route=%2Fwp%2Fv2%2Fmedia&parent=25403"}],"curies":[{"name":"wp","href":"https:\/\/api.w.org\/{rel}","templated":true}]}}